{"id":1113,"date":"2025-02-11T18:15:58","date_gmt":"2025-02-11T17:15:58","guid":{"rendered":"https:\/\/bpi.rs\/home\/"},"modified":"2025-10-23T11:25:11","modified_gmt":"2025-10-23T10:25:11","slug":"home","status":"publish","type":"page","link":"https:\/\/bpi.rs\/en\/","title":{"rendered":"Home"},"content":{"rendered":"\t\t<div data-elementor-type=\"wp-page\" data-elementor-id=\"1113\" class=\"elementor elementor-1113 elementor-21\" data-elementor-post-type=\"page\">\n\t\t\t\t<div class=\"elementor-element elementor-element-bc14ad5 e-con-full e-flex e-con e-parent\" data-id=\"bc14ad5\" data-element_type=\"container\" data-e-type=\"container\" data-settings=\"{&quot;background_background&quot;:&quot;classic&quot;}\">\n\t\t<div class=\"elementor-element elementor-element-ca7a535 e-con-full e-flex e-con e-child\" data-id=\"ca7a535\" data-element_type=\"container\" data-e-type=\"container\">\n\t\t\t\t<div class=\"elementor-element elementor-element-809640f elementor-widget elementor-widget-heading\" data-id=\"809640f\" data-element_type=\"widget\" data-e-type=\"widget\" data-widget_type=\"heading.default\">\n\t\t\t\t\t<h1 class=\"elementor-heading-title elementor-size-default\">INSTITUTE FOR SAFETY AND PREVENTIVE ENGINEERING<\/h1>\t\t\t\t<\/div>\n\t\t\t\t<div class=\"elementor-element elementor-element-13e3889 elementor-widget__width-initial elementor-widget-tablet__width-initial elementor-widget elementor-widget-text-editor\" data-id=\"13e3889\" data-element_type=\"widget\" data-e-type=\"widget\" data-widget_type=\"text-editor.default\">\n\t\t\t\t\t\t\t\t\t<p>Founded on February 14, 2003, in Novi Sad, as a limited liability company providing services in the fields of Occupational health and safety, Environmental protection, Fire protection, Technical inspections of facilities, Professional supervision  <\/p>\t\t\t\t\t\t\t\t<\/div>\n\t\t\t\t<div class=\"elementor-element elementor-element-743ef46 elementor-widget elementor-widget-image\" data-id=\"743ef46\" data-element_type=\"widget\" data-e-type=\"widget\" data-widget_type=\"image.default\">\n\t\t\t\t\t\t\t\t\t\t\t\t\t\t\t<img fetchpriority=\"high\" decoding=\"async\" width=\"534\" height=\"320\" src=\"https:\/\/bpi.rs\/wp-content\/uploads\/2025\/02\/home-1.webp\" class=\"attachment-large size-large wp-image-1111\" alt=\"\" srcset=\"https:\/\/bpi.rs\/wp-content\/uploads\/2025\/02\/home-1.webp 534w, https:\/\/bpi.rs\/wp-content\/uploads\/2025\/02\/home-1-300x180.webp 300w\" sizes=\"(max-width: 534px) 100vw, 534px\" \/>\t\t\t\t\t\t\t\t\t\t\t\t\t\t\t<\/div>\n\t\t\t\t<\/div>\n\t\t<div class=\"elementor-element elementor-element-f15beda e-con-full e-flex e-con e-child\" data-id=\"f15beda\" data-element_type=\"container\" data-e-type=\"container\">\n\t\t\t\t<div class=\"elementor-element elementor-element-3cf97fa elementor-widget-divider--view-line elementor-widget elementor-widget-divider\" data-id=\"3cf97fa\" data-element_type=\"widget\" data-e-type=\"widget\" data-widget_type=\"divider.default\">\n\t\t\t\t\t\t\t<div class=\"elementor-divider\">\n\t\t\t<span class=\"elementor-divider-separator\">\n\t\t\t\t\t\t<\/span>\n\t\t<\/div>\n\t\t\t\t\t\t<\/div>\n\t\t<div class=\"elementor-element elementor-element-115acff e-con-full e-flex e-con e-child\" data-id=\"115acff\" data-element_type=\"container\" data-e-type=\"container\">\n\t\t<div class=\"elementor-element elementor-element-864c42f e-con-full e-flex e-con e-child\" data-id=\"864c42f\" data-element_type=\"container\" data-e-type=\"container\">\n\t\t\t\t<div class=\"elementor-element elementor-element-ec0e0eb elementor-widget elementor-widget-heading\" data-id=\"ec0e0eb\" data-element_type=\"widget\" data-e-type=\"widget\" data-widget_type=\"heading.default\">\n\t\t\t\t\t<h2 class=\"elementor-heading-title elementor-size-default\">Subscribe to our newsletter<\/h2>\t\t\t\t<\/div>\n\t\t\t\t<div class=\"elementor-element elementor-element-c6e63ec elementor-button-align-start elementor-widget__width-initial elementor-widget-tablet__width-inherit elementor-widget elementor-widget-form\" data-id=\"c6e63ec\" data-element_type=\"widget\" data-e-type=\"widget\" data-settings=\"{&quot;step_next_label&quot;:&quot;Next&quot;,&quot;step_previous_label&quot;:&quot;Previous&quot;,&quot;button_width&quot;:&quot;100&quot;,&quot;step_type&quot;:&quot;number_text&quot;,&quot;step_icon_shape&quot;:&quot;circle&quot;}\" data-widget_type=\"form.default\">\n\t\t\t\t\t\t\t<form class=\"elementor-form\" method=\"post\" name=\"New Form\" aria-label=\"New Form\">\n\t\t\t<input type=\"hidden\" name=\"post_id\" value=\"1113\"\/>\n\t\t\t<input type=\"hidden\" name=\"form_id\" value=\"c6e63ec\"\/>\n\t\t\t<input type=\"hidden\" name=\"referer_title\" value=\"Po\u010detna - Institut za bezbednost i preventivni in\u017eenjering BPI\" \/>\n\n\t\t\t\t\t\t\t<input type=\"hidden\" name=\"queried_id\" value=\"1113\"\/>\n\t\t\t\n\t\t\t<div class=\"elementor-form-fields-wrapper elementor-labels-\">\n\t\t\t\t\t\t\t\t<div class=\"elementor-field-type-email elementor-field-group elementor-column elementor-field-group-email elementor-col-100 elementor-field-required\">\n\t\t\t\t\t\t\t\t\t\t\t\t<label for=\"form-field-email\" class=\"elementor-field-label elementor-screen-only\">\n\t\t\t\t\t\t\t\tEmail\t\t\t\t\t\t\t<\/label>\n\t\t\t\t\t\t\t\t\t\t\t\t\t\t<input size=\"1\" type=\"email\" name=\"form_fields[email]\" id=\"form-field-email\" class=\"elementor-field elementor-size-sm  elementor-field-textual\" placeholder=\"Your email adress\" required=\"required\">\n\t\t\t\t\t\t\t\t\t\t\t<\/div>\n\t\t\t\t\t\t\t\t<div class=\"elementor-field-type-recaptcha_v3 elementor-field-group elementor-column elementor-field-group-field_5545076 elementor-col-100 recaptcha_v3-bottomright\">\n\t\t\t\t\t<div class=\"elementor-field\" id=\"form-field-field_5545076\"><div class=\"elementor-g-recaptcha\" data-sitekey=\"6Lc7xNoqAAAAAGwip2vdXOBrif4OdSoKPDrUL2G7\" data-type=\"v3\" data-action=\"Form\" data-badge=\"bottomright\" data-size=\"invisible\"><\/div><\/div>\t\t\t\t<\/div>\n\t\t\t\t\t\t\t\t<div class=\"elementor-field-type-text\">\n\t\t\t\t\t<input size=\"1\" type=\"text\" name=\"form_fields[field_bfe51d0]\" id=\"form-field-field_bfe51d0\" class=\"elementor-field elementor-size-sm \" style=\"display:none !important;\">\t\t\t\t<\/div>\n\t\t\t\t\t\t\t\t<div class=\"elementor-field-group elementor-column elementor-field-type-submit elementor-col-100 e-form__buttons\">\n\t\t\t\t\t<button class=\"elementor-button elementor-size-sm\" type=\"submit\">\n\t\t\t\t\t\t<span class=\"elementor-button-content-wrapper\">\n\t\t\t\t\t\t\t\t\t\t\t\t\t\t\t\t\t\t\t\t\t\t<span class=\"elementor-button-text\">Sign in<\/span>\n\t\t\t\t\t\t\t\t\t\t\t\t\t<\/span>\n\t\t\t\t\t<\/button>\n\t\t\t\t<\/div>\n\t\t\t<\/div>\n\t\t<\/form>\n\t\t\t\t\t\t<\/div>\n\t\t\t\t<div class=\"elementor-element elementor-element-48f9bbc elementor-widget__width-inherit elementor-widget elementor-widget-text-editor\" data-id=\"48f9bbc\" data-element_type=\"widget\" data-e-type=\"widget\" data-widget_type=\"text-editor.default\">\n\t\t\t\t\t\t\t\t\t<p>Copyright 2012 &#8211; 2025<br>Institute for Safety and Preventive Engineering<br><a href=\"https:\/\/bpi.rs\/wp-content\/uploads\/2025\/04\/Opsti-uslovi-poslovanja-Kontrolnog-tela.docx\" target=\"_blank\" rel=\"noopener\">General Terms and Conditions<\/a><\/p>\t\t\t\t\t\t\t\t<\/div>\n\t\t\t\t<\/div>\n\t\t<div class=\"elementor-element elementor-element-5572aea e-con-full e-flex e-con e-child\" data-id=\"5572aea\" data-element_type=\"container\" data-e-type=\"container\">\n\t\t\t\t<div class=\"elementor-element elementor-element-7e10e0a elementor-widget__width-inherit elementor-widget elementor-widget-text-editor\" data-id=\"7e10e0a\" data-element_type=\"widget\" data-e-type=\"widget\" data-widget_type=\"text-editor.default\">\n\t\t\t\t\t\t\t\t\t<p><strong>Head Office:<\/strong><\/p><p><a href=\"https:\/\/maps.app.goo.gl\/TcoMy6qRwZSCpu7y5\">Vojvode \u0160upljikca 48<br>21000 Novi Sad, Serbia<\/a><\/p>\t\t\t\t\t\t\t\t<\/div>\n\t\t\t\t<\/div>\n\t\t<div class=\"elementor-element elementor-element-fb5fdc6 e-con-full e-flex e-con e-child\" data-id=\"fb5fdc6\" data-element_type=\"container\" data-e-type=\"container\">\n\t\t\t\t<div class=\"elementor-element elementor-element-8a540f8 elementor-widget__width-inherit elementor-widget elementor-widget-text-editor\" data-id=\"8a540f8\" data-element_type=\"widget\" data-e-type=\"widget\" data-widget_type=\"text-editor.default\">\n\t\t\t\t\t\t\t\t\t<p><strong>Contact:<\/strong><br><br><a title=\"+381 (0)21 446 336\" href=\"tel:+38121446336\">+381 (0)21 446 336<\/a><br><a title=\"+381 (0)21 445 977\" href=\"tel:+38121445977\">+381 (0)21 445 977<\/a><br><a title=\"+381 (0)21 6332 510\" href=\"tel:+381216332510\">+381 (0)21 6332 510<\/a><br><a title=\"+381 (0)21 6332 530\" href=\"tel:+381216332530\">+381 (0)21 6332 530<\/a><\/p>\t\t\t\t\t\t\t\t<\/div>\n\t\t\t\t<\/div>\n\t\t<div class=\"elementor-element elementor-element-5aef5b9 e-con-full e-flex e-con e-child\" data-id=\"5aef5b9\" data-element_type=\"container\" data-e-type=\"container\">\n\t\t\t\t<div class=\"elementor-element elementor-element-c66bc30 elementor-widget__width-inherit elementor-widget elementor-widget-text-editor\" data-id=\"c66bc30\" data-element_type=\"widget\" data-e-type=\"widget\" data-widget_type=\"text-editor.default\">\n\t\t\t\t\t\t\t\t\t<p><strong>E-MAIL<\/strong><\/p><p><a title=\"institut@bpi.rs\" href=\"mailto:institut@bpi.rs\">institut@bpi.rs<\/a><br><a title=\"laboratorija@bpi.rs\" href=\"mailto:laboratorija@bpi.rs\">laboratorija@bpi.rs<\/a><\/p>\t\t\t\t\t\t\t\t<\/div>\n\t\t\t\t<\/div>\n\t\t\t\t<\/div>\n\t\t\t\t<\/div>\n\t\t\t\t<\/div>\n\t\t<div class=\"elementor-element elementor-element-2924e78 e-flex e-con-boxed e-con e-parent\" data-id=\"2924e78\" data-element_type=\"container\" data-e-type=\"container\">\n\t\t\t\t\t<div class=\"e-con-inner\">\n\t\t\t\t<div class=\"elementor-element elementor-element-b6a11c3 elementor-widget elementor-widget-html\" data-id=\"b6a11c3\" data-element_type=\"widget\" data-e-type=\"widget\" data-widget_type=\"html.default\">\n\t\t\t\t\t<script type=\"application\/ld+json\">{\r\n  \"@context\": \"https:\/\/schema.org\",\r\n  \"@type\": \"ProfessionalService\",\r\n  \"name\": \"Institut za bezbednost i preventivni in\u017eenjering d.o.o\",\r\n  \"image\": \"https:\/\/bpi.rs\/wp-content\/uploads\/2025\/02\/logo.jpg\",\r\n  \"url\": \"https:\/\/bpi.rs\",\r\n  \"logo\": \"https:\/\/bpi.rs\/wp-content\/uploads\/2025\/02\/logo.jpg\",\r\n  \"email\": \"institut@bpi.rs\",\r\n  \"address\": {\r\n    \"@type\": \"PostalAddress\",\r\n    \"streetAddress\": \"Vojvode \u0160upljikca 48\",\r\n    \"addressLocality\": \"Novi Sad\",\r\n    \"postalCode\": \"21000\",\r\n    \"addressCountry\": \"RS\"\r\n  },\r\n  \"telephone\": [\r\n    \"+381212446336\",\r\n    \"+38121445977\",\r\n    \"+381216332510\",\r\n    \"+381216332530\"\r\n  ],\r\n  \"foundingDate\": \"2003\",\r\n  \"openingHours\": [\r\n    \"Mo 07:00-15:00\",\r\n    \"Tu 07:00-15:00\",\r\n    \"We 07:00-15:00\",\r\n    \"Th 07:00-15:00\",\r\n    \"Fr 07:00-15:00\"\r\n  ],\r\n  \"sameAs\": [\r\n    \"https:\/\/www.instagram.com\/institut_bpi\/\",\r\n    \"https:\/\/www.linkedin.com\/company\/bpi-institut-za-bezbednost-i-preventivni-in%C5%BEenjering\/\",\r\n    \"https:\/\/www.facebook.com\/institut.bpi\"\r\n  ],\r\n  \"description\": \"Usluge iz oblasti bezbednosti i zdravlja na radu, za\u0161tite \u017eivotne sredine, za\u0161tite od po\u017eara, tehni\u010dkih pregleda objekata, laboratorijskih ispitivanja, stru\u010dnog nadzora i obuka na terenu.\",\r\n  \"areaServed\": \"RS\",\r\n  \"hasCredential\": [\r\n    {\r\n      \"@type\": \"EducationalOccupationalCredential\",\r\n      \"credentialCategory\": \"Sertifikat\",\r\n      \"name\": \"Akreditacija laboratorije br. 01-257 (SRPS ISO\/IEC 17025 i SRPS CEN\/TS 15675)\"\r\n    },\r\n    {\r\n      \"@type\": \"EducationalOccupationalCredential\",\r\n      \"credentialCategory\": \"Sertifikat\",\r\n      \"name\": \"Akreditacija kontrolnog tela br. 06-059 (SRPS ISO\/IEC 17020)\"\r\n    },\r\n    {\r\n      \"@type\": \"EducationalOccupationalCredential\",\r\n      \"credentialCategory\": \"Sertifikat\",\r\n      \"name\": \"Sertifikati sistema menad\u017ementa: ISO 9001, ISO 14001, ISO 45001\"\r\n    }\r\n  ],\r\n  \"hasOfferCatalog\": {\r\n    \"@type\": \"OfferCatalog\",\r\n    \"name\": \"Usluge\",\r\n    \"itemListElement\": [\r\n      {\r\n        \"@type\": \"OfferCatalog\",\r\n        \"name\": \"Bezbednost i zdravlje na radu\",\r\n        \"itemListElement\": [\r\n          {\"@type\": \"Service\", \"name\": \"Pregled i ispitivanje opreme za rad\"},\r\n          {\"@type\": \"Service\", \"name\": \"Ispitivanje uslova radne okoline\"},\r\n          {\"@type\": \"Service\", \"name\": \"Osposobljavanje radnika za bezbedan rad\"},\r\n          {\"@type\": \"Service\", \"name\": \"Pregledi i ispitivanja u BZR\"},\r\n          {\"@type\": \"Service\", \"name\": \"Koordinator za BZR na gradili\u0161tima\"},\r\n          {\"@type\": \"Service\", \"name\": \"Konsalting u oblasti BZR\"}\r\n        ]\r\n      },\r\n      {\r\n        \"@type\": \"OfferCatalog\",\r\n        \"name\": \"Za\u0161tita od po\u017eara\",\r\n        \"itemListElement\": [\r\n          {\"@type\": \"Service\", \"name\": \"Plan za\u0161tite od po\u017eara\"},\r\n          {\"@type\": \"Service\", \"name\": \"Pravila za\u0161tite sa planom evakuacije\"},\r\n          {\"@type\": \"Service\", \"name\": \"Obuka iz oblasti ZOP\"},\r\n          {\"@type\": \"Service\", \"name\": \"Organizovanje ZOP za pravna lica\"},\r\n          {\"@type\": \"Service\", \"name\": \"Analiza zona opasnosti od eksplozije\"},\r\n          {\"@type\": \"Service\", \"name\": \"Glavni projekat za\u0161tite od po\u017eara\"}\r\n        ]\r\n      },\r\n      {\r\n        \"@type\": \"OfferCatalog\",\r\n        \"name\": \"Za\u0161tita \u017eivotne sredine\",\r\n        \"itemListElement\": [\r\n          {\"@type\": \"Service\", \"name\": \"Plan merenja emisije u vazduh\"},\r\n          {\"@type\": \"Service\", \"name\": \"Studija o proceni uticaja na \u017eivotnu sredinu\"},\r\n          {\"@type\": \"Service\", \"name\": \"Planovi upravljanja otpadom\"},\r\n          {\"@type\": \"Service\", \"name\": \"Politika prevencije udesa (Seveso)\"},\r\n          {\"@type\": \"Service\", \"name\": \"Eksterni plan za\u0161tite od udesa\"}\r\n        ]\r\n      },\r\n      {\r\n        \"@type\": \"OfferCatalog\",\r\n        \"name\": \"Laboratorijska ispitivanja\",\r\n        \"itemListElement\": [\r\n          {\"@type\": \"Service\", \"name\": \"Merenje emisije u vazduh\"},\r\n          {\"@type\": \"Service\", \"name\": \"Kvalitet ambijentalnog vazduha\"},\r\n          {\"@type\": \"Service\", \"name\": \"Ispitivanje kvaliteta voda\"},\r\n          {\"@type\": \"Service\", \"name\": \"Merenje buke i izvora buke\"},\r\n          {\"@type\": \"Service\", \"name\": \"Ispitivanje bez razaranja\"}\r\n        ]\r\n      },\r\n      {\r\n        \"@type\": \"OfferCatalog\",\r\n        \"name\": \"Kontrolno telo\",\r\n        \"itemListElement\": [\r\n          {\"@type\": \"Service\", \"name\": \"Kontrola liftova\"},\r\n          {\"@type\": \"Service\", \"name\": \"Kontrola elektroinstalacija\"},\r\n          {\"@type\": \"Service\", \"name\": \"Kontrola sigurnosnog i gromobranskog sistema\"},\r\n          {\"@type\": \"Service\", \"name\": \"Kontrola antistatik opreme\"},\r\n          {\"@type\": \"Service\", \"name\": \"Kontrola hidrantske mre\u017ee\"},\r\n          {\"@type\": \"Service\", \"name\": \"Kontrola de\u010djih igrali\u0161ta\"}\r\n        ]\r\n      },\r\n      {\r\n        \"@type\": \"OfferCatalog\",\r\n        \"name\": \"In\u017eenjering i nadzor\",\r\n        \"itemListElement\": [\r\n          {\"@type\": \"Service\", \"name\": \"Tehni\u010dki pregled objekata\"},\r\n          {\"@type\": \"Service\", \"name\": \"Legalizacija i izve\u0161taji o stanju\"},\r\n          {\"@type\": \"Service\", \"name\": \"Stru\u010dni nadzor pri izgradnji\"},\r\n          {\"@type\": \"Service\", \"name\": \"Projektno-tehni\u010dka dokumentacija\"},\r\n          {\"@type\": \"Service\", \"name\": \"Tehni\u010dka kontrola dokumentacije\"}\r\n        ]\r\n      }\r\n    ]\r\n  }\r\n}\r\n<\/script>\t\t\t\t<\/div>\n\t\t\t\t\t<\/div>\n\t\t\t\t<\/div>\n\t\t\t\t<\/div>\n\t\t","protected":false},"excerpt":{"rendered":"<p>INSTITUTE FOR SAFETY AND PREVENTIVE ENGINEERING Founded on February 14, 2003, in Novi Sad, as a limited liability company providing services in the fields of Occupational health and safety, Environmental protection, Fire protection, Technical inspections of facilities, Professional supervision Subscribe to our newsletter Copyright 2012 &#8211; 2025Institute for Safety and Preventive EngineeringGeneral Terms and Conditions [&hellip;]<\/p>\n","protected":false},"author":1,"featured_media":0,"parent":0,"menu_order":0,"comment_status":"closed","ping_status":"closed","template":"","meta":{"footnotes":""},"class_list":["post-1113","page","type-page","status-publish","hentry"],"yoast_head":"<!-- This site is optimized with the Yoast SEO plugin v27.4 - https:\/\/yoast.com\/product\/yoast-seo-wordpress\/ -->\n<title>Po\u010detna - Institut za bezbednost i preventivni in\u017eenjering BPI<\/title>\n<meta name=\"description\" content=\"Usluge iz oblasti bezbednosti i zdravlja na radu, za\u0161tite \u017eivotne sredine, za\u0161tite od po\u017eara, tehni\u010dkih pregleda objekata i stru\u010dnog nadzora.\" \/>\n<meta name=\"robots\" content=\"index, follow, max-snippet:-1, max-image-preview:large, max-video-preview:-1\" \/>\n<link rel=\"canonical\" href=\"https:\/\/bpi.rs\/en\/\" \/>\n<meta property=\"og:locale\" content=\"en_US\" \/>\n<meta property=\"og:type\" content=\"article\" \/>\n<meta property=\"og:title\" content=\"Po\u010detna - Institut za bezbednost i preventivni in\u017eenjering BPI\" \/>\n<meta property=\"og:description\" content=\"Usluge iz oblasti bezbednosti i zdravlja na radu, za\u0161tite \u017eivotne sredine, za\u0161tite od po\u017eara, tehni\u010dkih pregleda objekata i stru\u010dnog nadzora.\" \/>\n<meta property=\"og:url\" content=\"https:\/\/bpi.rs\/en\/\" \/>\n<meta property=\"og:site_name\" content=\"BPI\" \/>\n<meta property=\"article:modified_time\" content=\"2025-10-23T10:25:11+00:00\" \/>\n<meta property=\"og:image\" content=\"https:\/\/bpi.rs\/wp-content\/uploads\/2025\/02\/home-1.webp\" \/>\n\t<meta property=\"og:image:width\" content=\"534\" \/>\n\t<meta property=\"og:image:height\" content=\"320\" \/>\n\t<meta property=\"og:image:type\" content=\"image\/webp\" \/>\n<meta name=\"twitter:card\" content=\"summary_large_image\" \/>\n<script type=\"application\/ld+json\" class=\"yoast-schema-graph\">{\"@context\":\"https:\\\/\\\/schema.org\",\"@graph\":[{\"@type\":\"WebPage\",\"@id\":\"https:\\\/\\\/bpi.rs\\\/en\\\/\",\"url\":\"https:\\\/\\\/bpi.rs\\\/en\\\/\",\"name\":\"Po\u010detna - Institut za bezbednost i preventivni in\u017eenjering BPI\",\"isPartOf\":{\"@id\":\"https:\\\/\\\/bpi.rs\\\/en\\\/#website\"},\"primaryImageOfPage\":{\"@id\":\"https:\\\/\\\/bpi.rs\\\/en\\\/#primaryimage\"},\"image\":{\"@id\":\"https:\\\/\\\/bpi.rs\\\/en\\\/#primaryimage\"},\"thumbnailUrl\":\"https:\\\/\\\/bpi.rs\\\/wp-content\\\/uploads\\\/2025\\\/02\\\/home-1.webp\",\"datePublished\":\"2025-02-11T17:15:58+00:00\",\"dateModified\":\"2025-10-23T10:25:11+00:00\",\"description\":\"Usluge iz oblasti bezbednosti i zdravlja na radu, za\u0161tite \u017eivotne sredine, za\u0161tite od po\u017eara, tehni\u010dkih pregleda objekata i stru\u010dnog nadzora.\",\"breadcrumb\":{\"@id\":\"https:\\\/\\\/bpi.rs\\\/en\\\/#breadcrumb\"},\"inLanguage\":\"en-US\",\"potentialAction\":[{\"@type\":\"ReadAction\",\"target\":[\"https:\\\/\\\/bpi.rs\\\/en\\\/\"]}]},{\"@type\":\"ImageObject\",\"inLanguage\":\"en-US\",\"@id\":\"https:\\\/\\\/bpi.rs\\\/en\\\/#primaryimage\",\"url\":\"https:\\\/\\\/bpi.rs\\\/wp-content\\\/uploads\\\/2025\\\/02\\\/home-1.webp\",\"contentUrl\":\"https:\\\/\\\/bpi.rs\\\/wp-content\\\/uploads\\\/2025\\\/02\\\/home-1.webp\"},{\"@type\":\"BreadcrumbList\",\"@id\":\"https:\\\/\\\/bpi.rs\\\/en\\\/#breadcrumb\",\"itemListElement\":[{\"@type\":\"ListItem\",\"position\":1,\"name\":\"Home\",\"item\":\"https:\\\/\\\/bpi.rs\\\/en\\\/home\\\/\"},{\"@type\":\"ListItem\",\"position\":2,\"name\":\"Home\"}]},{\"@type\":\"WebSite\",\"@id\":\"https:\\\/\\\/bpi.rs\\\/en\\\/#website\",\"url\":\"https:\\\/\\\/bpi.rs\\\/en\\\/\",\"name\":\"BPI\",\"description\":\"Institut za bezbednost i preventivni in\u017eenjering\",\"publisher\":{\"@id\":\"https:\\\/\\\/bpi.rs\\\/en\\\/#organization\"},\"potentialAction\":[{\"@type\":\"SearchAction\",\"target\":{\"@type\":\"EntryPoint\",\"urlTemplate\":\"https:\\\/\\\/bpi.rs\\\/en\\\/?s={search_term_string}\"},\"query-input\":{\"@type\":\"PropertyValueSpecification\",\"valueRequired\":true,\"valueName\":\"search_term_string\"}}],\"inLanguage\":\"en-US\"},{\"@type\":\"Organization\",\"@id\":\"https:\\\/\\\/bpi.rs\\\/en\\\/#organization\",\"name\":\"BPI\",\"url\":\"https:\\\/\\\/bpi.rs\\\/en\\\/\",\"logo\":{\"@type\":\"ImageObject\",\"inLanguage\":\"en-US\",\"@id\":\"https:\\\/\\\/bpi.rs\\\/en\\\/#\\\/schema\\\/logo\\\/image\\\/\",\"url\":\"https:\\\/\\\/bpi.rs\\\/wp-content\\\/uploads\\\/2025\\\/02\\\/logo.jpg\",\"contentUrl\":\"https:\\\/\\\/bpi.rs\\\/wp-content\\\/uploads\\\/2025\\\/02\\\/logo.jpg\",\"width\":366,\"height\":193,\"caption\":\"BPI\"},\"image\":{\"@id\":\"https:\\\/\\\/bpi.rs\\\/en\\\/#\\\/schema\\\/logo\\\/image\\\/\"}}]}<\/script>\n<!-- \/ Yoast SEO plugin. -->","yoast_head_json":{"title":"Po\u010detna - Institut za bezbednost i preventivni in\u017eenjering BPI","description":"Usluge iz oblasti bezbednosti i zdravlja na radu, za\u0161tite \u017eivotne sredine, za\u0161tite od po\u017eara, tehni\u010dkih pregleda objekata i stru\u010dnog nadzora.","robots":{"index":"index","follow":"follow","max-snippet":"max-snippet:-1","max-image-preview":"max-image-preview:large","max-video-preview":"max-video-preview:-1"},"canonical":"https:\/\/bpi.rs\/en\/","og_locale":"en_US","og_type":"article","og_title":"Po\u010detna - Institut za bezbednost i preventivni in\u017eenjering BPI","og_description":"Usluge iz oblasti bezbednosti i zdravlja na radu, za\u0161tite \u017eivotne sredine, za\u0161tite od po\u017eara, tehni\u010dkih pregleda objekata i stru\u010dnog nadzora.","og_url":"https:\/\/bpi.rs\/en\/","og_site_name":"BPI","article_modified_time":"2025-10-23T10:25:11+00:00","og_image":[{"width":534,"height":320,"url":"https:\/\/bpi.rs\/wp-content\/uploads\/2025\/02\/home-1.webp","type":"image\/webp"}],"twitter_card":"summary_large_image","schema":{"@context":"https:\/\/schema.org","@graph":[{"@type":"WebPage","@id":"https:\/\/bpi.rs\/en\/","url":"https:\/\/bpi.rs\/en\/","name":"Po\u010detna - Institut za bezbednost i preventivni in\u017eenjering BPI","isPartOf":{"@id":"https:\/\/bpi.rs\/en\/#website"},"primaryImageOfPage":{"@id":"https:\/\/bpi.rs\/en\/#primaryimage"},"image":{"@id":"https:\/\/bpi.rs\/en\/#primaryimage"},"thumbnailUrl":"https:\/\/bpi.rs\/wp-content\/uploads\/2025\/02\/home-1.webp","datePublished":"2025-02-11T17:15:58+00:00","dateModified":"2025-10-23T10:25:11+00:00","description":"Usluge iz oblasti bezbednosti i zdravlja na radu, za\u0161tite \u017eivotne sredine, za\u0161tite od po\u017eara, tehni\u010dkih pregleda objekata i stru\u010dnog nadzora.","breadcrumb":{"@id":"https:\/\/bpi.rs\/en\/#breadcrumb"},"inLanguage":"en-US","potentialAction":[{"@type":"ReadAction","target":["https:\/\/bpi.rs\/en\/"]}]},{"@type":"ImageObject","inLanguage":"en-US","@id":"https:\/\/bpi.rs\/en\/#primaryimage","url":"https:\/\/bpi.rs\/wp-content\/uploads\/2025\/02\/home-1.webp","contentUrl":"https:\/\/bpi.rs\/wp-content\/uploads\/2025\/02\/home-1.webp"},{"@type":"BreadcrumbList","@id":"https:\/\/bpi.rs\/en\/#breadcrumb","itemListElement":[{"@type":"ListItem","position":1,"name":"Home","item":"https:\/\/bpi.rs\/en\/home\/"},{"@type":"ListItem","position":2,"name":"Home"}]},{"@type":"WebSite","@id":"https:\/\/bpi.rs\/en\/#website","url":"https:\/\/bpi.rs\/en\/","name":"BPI","description":"Institut za bezbednost i preventivni in\u017eenjering","publisher":{"@id":"https:\/\/bpi.rs\/en\/#organization"},"potentialAction":[{"@type":"SearchAction","target":{"@type":"EntryPoint","urlTemplate":"https:\/\/bpi.rs\/en\/?s={search_term_string}"},"query-input":{"@type":"PropertyValueSpecification","valueRequired":true,"valueName":"search_term_string"}}],"inLanguage":"en-US"},{"@type":"Organization","@id":"https:\/\/bpi.rs\/en\/#organization","name":"BPI","url":"https:\/\/bpi.rs\/en\/","logo":{"@type":"ImageObject","inLanguage":"en-US","@id":"https:\/\/bpi.rs\/en\/#\/schema\/logo\/image\/","url":"https:\/\/bpi.rs\/wp-content\/uploads\/2025\/02\/logo.jpg","contentUrl":"https:\/\/bpi.rs\/wp-content\/uploads\/2025\/02\/logo.jpg","width":366,"height":193,"caption":"BPI"},"image":{"@id":"https:\/\/bpi.rs\/en\/#\/schema\/logo\/image\/"}}]}},"_links":{"self":[{"href":"https:\/\/bpi.rs\/en\/wp-json\/wp\/v2\/pages\/1113","targetHints":{"allow":["GET"]}}],"collection":[{"href":"https:\/\/bpi.rs\/en\/wp-json\/wp\/v2\/pages"}],"about":[{"href":"https:\/\/bpi.rs\/en\/wp-json\/wp\/v2\/types\/page"}],"author":[{"embeddable":true,"href":"https:\/\/bpi.rs\/en\/wp-json\/wp\/v2\/users\/1"}],"replies":[{"embeddable":true,"href":"https:\/\/bpi.rs\/en\/wp-json\/wp\/v2\/comments?post=1113"}],"version-history":[{"count":0,"href":"https:\/\/bpi.rs\/en\/wp-json\/wp\/v2\/pages\/1113\/revisions"}],"wp:attachment":[{"href":"https:\/\/bpi.rs\/en\/wp-json\/wp\/v2\/media?parent=1113"}],"curies":[{"name":"wp","href":"https:\/\/api.w.org\/{rel}","templated":true}]}}